{"id":565,"date":"2021-07-19T11:38:51","date_gmt":"2021-07-19T09:38:51","guid":{"rendered":"https:\/\/pleiade.archi\/?page_id=565"},"modified":"2025-08-22T18:34:48","modified_gmt":"2025-08-22T16:34:48","slug":"contact","status":"publish","type":"page","link":"https:\/\/pleiade.archi\/index.php\/contact\/","title":{"rendered":"Contact et Agence"},"content":{"rendered":"\t\t<div data-elementor-type=\"wp-page\" data-elementor-id=\"565\" class=\"elementor elementor-565\" data-elementor-post-type=\"page\">\n\t\t\t\t\t\t<section class=\"elementor-section elementor-top-section elementor-element elementor-element-4dd53e1 elementor-section-height-min-height elementor-section-stretched elementor-section-content-middle elementor-section-boxed elementor-section-height-default elementor-section-items-middle\" data-id=\"4dd53e1\" data-element_type=\"section\" data-settings=\"{&quot;stretch_section&quot;:&quot;section-stretched&quot;}\">\n\t\t\t\t\t\t<div class=\"elementor-container elementor-column-gap-default\">\n\t\t\t\t\t<div class=\"elementor-column elementor-col-50 elementor-top-column elementor-element elementor-element-6f9b450 elementor-invisible\" data-id=\"6f9b450\" data-element_type=\"column\" data-settings=\"{&quot;animation&quot;:&quot;slideInDown&quot;}\">\n\t\t\t<div class=\"elementor-widget-wrap elementor-element-populated\">\n\t\t\t\t\t\t<div class=\"elementor-element elementor-element-5cfd42f elementor-widget elementor-widget-heading\" data-id=\"5cfd42f\" data-element_type=\"widget\" data-widget_type=\"heading.default\">\n\t\t\t\t<div class=\"elementor-widget-container\">\n\t\t\t\t\t<h2 class=\"elementor-heading-title elementor-size-default\">Contact<\/h2>\t\t\t\t<\/div>\n\t\t\t\t<\/div>\n\t\t\t\t<div class=\"elementor-element elementor-element-2416f65 elementor-tablet-align-left elementor-list-item-link-inline elementor-align-left elementor-widget__width-auto elementor-mobile-align-left elementor-icon-list--layout-traditional elementor-widget elementor-widget-icon-list\" data-id=\"2416f65\" data-element_type=\"widget\" data-widget_type=\"icon-list.default\">\n\t\t\t\t<div class=\"elementor-widget-container\">\n\t\t\t\t\t\t\t<ul class=\"elementor-icon-list-items\">\n\t\t\t\t\t\t\t<li class=\"elementor-icon-list-item\">\n\t\t\t\t\t\t\t\t\t\t\t<a href=\"https:\/\/goo.gl\/maps\/wVEUigHUvtjEg1xb8\" target=\"_blank\">\n\n\t\t\t\t\t\t\t\t\t\t\t\t<span class=\"elementor-icon-list-icon\">\n\t\t\t\t\t\t\t<i aria-hidden=\"true\" class=\"icon icon-map-pin\"><\/i>\t\t\t\t\t\t<\/span>\n\t\t\t\t\t\t\t\t\t\t<span class=\"elementor-icon-list-text\">29 rue Smith 69002 LYON<\/span>\n\t\t\t\t\t\t\t\t\t\t\t<\/a>\n\t\t\t\t\t\t\t\t\t<\/li>\n\t\t\t\t\t\t\t\t<li class=\"elementor-icon-list-item\">\n\t\t\t\t\t\t\t\t\t\t\t<a href=\"tel:0973889159\" target=\"_blank\">\n\n\t\t\t\t\t\t\t\t\t\t\t\t<span class=\"elementor-icon-list-icon\">\n\t\t\t\t\t\t\t<i aria-hidden=\"true\" class=\"icon icon-phone\"><\/i>\t\t\t\t\t\t<\/span>\n\t\t\t\t\t\t\t\t\t\t<span class=\"elementor-icon-list-text\">09 73 88 91 59<\/span>\n\t\t\t\t\t\t\t\t\t\t\t<\/a>\n\t\t\t\t\t\t\t\t\t<\/li>\n\t\t\t\t\t\t\t\t<li class=\"elementor-icon-list-item\">\n\t\t\t\t\t\t\t\t\t\t\t<a href=\"mailto:contact@pleiade.archi\" target=\"_blank\">\n\n\t\t\t\t\t\t\t\t\t\t\t\t<span class=\"elementor-icon-list-icon\">\n\t\t\t\t\t\t\t<i aria-hidden=\"true\" class=\"icon icon-mail\"><\/i>\t\t\t\t\t\t<\/span>\n\t\t\t\t\t\t\t\t\t\t<span class=\"elementor-icon-list-text\">contact@pleiade.archi<\/span>\n\t\t\t\t\t\t\t\t\t\t\t<\/a>\n\t\t\t\t\t\t\t\t\t<\/li>\n\t\t\t\t\t\t\t\t<li class=\"elementor-icon-list-item\">\n\t\t\t\t\t\t\t\t\t\t\t<a href=\"https:\/\/www.linkedin.com\/company\/pleiade-architecture\/\">\n\n\t\t\t\t\t\t\t\t\t\t\t\t<span class=\"elementor-icon-list-icon\">\n\t\t\t\t\t\t\t<i aria-hidden=\"true\" class=\"fab fa-linkedin\"><\/i>\t\t\t\t\t\t<\/span>\n\t\t\t\t\t\t\t\t\t\t<span class=\"elementor-icon-list-text\">pleiade-architecture<\/span>\n\t\t\t\t\t\t\t\t\t\t\t<\/a>\n\t\t\t\t\t\t\t\t\t<\/li>\n\t\t\t\t\t\t<\/ul>\n\t\t\t\t\t\t<\/div>\n\t\t\t\t<\/div>\n\t\t\t\t\t<\/div>\n\t\t<\/div>\n\t\t\t\t<div class=\"elementor-column elementor-col-50 elementor-top-column elementor-element elementor-element-bc9346e\" data-id=\"bc9346e\" data-element_type=\"column\">\n\t\t\t<div class=\"elementor-widget-wrap elementor-element-populated\">\n\t\t\t\t\t\t<div class=\"elementor-element elementor-element-a87ef87 elementor-widget__width-auto elementor-invisible elementor-widget elementor-widget-image\" data-id=\"a87ef87\" data-element_type=\"widget\" data-settings=\"{&quot;_animation&quot;:&quot;fadeIn&quot;}\" data-widget_type=\"image.default\">\n\t\t\t\t<div class=\"elementor-widget-container\">\n\t\t\t\t\t\t\t\t\t\t\t\t\t\t\t\t<a href=\"https:\/\/goo.gl\/maps\/wVEUigHUvtjEg1xb8\" target=\"_blank\">\n\t\t\t\t\t\t\t<img fetchpriority=\"high\" decoding=\"async\" width=\"667\" height=\"400\" src=\"https:\/\/pleiade.archi\/wp-content\/uploads\/2025\/08\/plan_agence_smith-2.jpg\" class=\"attachment-full size-full wp-image-2219\" alt=\"\" \/>\t\t\t\t\t\t\t\t<\/a>\n\t\t\t\t\t\t\t\t\t\t\t\t\t\t\t<\/div>\n\t\t\t\t<\/div>\n\t\t\t\t<div class=\"elementor-element elementor-element-142e050 elementor-widget__width-auto elementor-absolute elementor-hidden-phone elementor-hidden-tablet elementor-invisible elementor-widget elementor-widget-image\" data-id=\"142e050\" data-element_type=\"widget\" data-settings=\"{&quot;_position&quot;:&quot;absolute&quot;,&quot;_animation&quot;:&quot;slideInRight&quot;}\" data-widget_type=\"image.default\">\n\t\t\t\t<div class=\"elementor-widget-container\">\n\t\t\t\t\t\t\t\t\t\t\t\t\t\t\t<img decoding=\"async\" src=\"https:\/\/pleiade.archi\/wp-content\/uploads\/elementor\/thumbs\/ICO_AG2-qzur2h5ywamv4827hjozemkej90zwb9zwj1s4uj280.png\" title=\"ICO_AG2\" alt=\"ICO_AG2\" loading=\"lazy\" \/>\t\t\t\t\t\t\t\t\t\t\t\t\t\t\t<\/div>\n\t\t\t\t<\/div>\n\t\t\t\t<div class=\"elementor-element elementor-element-2b11e22 elementor-widget__width-initial elementor-absolute elementor-hidden-phone elementor-hidden-tablet elementor-invisible elementor-widget elementor-widget-image\" data-id=\"2b11e22\" data-element_type=\"widget\" data-settings=\"{&quot;_position&quot;:&quot;absolute&quot;,&quot;_animation&quot;:&quot;slideInLeft&quot;}\" data-widget_type=\"image.default\">\n\t\t\t\t<div class=\"elementor-widget-container\">\n\t\t\t\t\t\t\t\t\t\t\t\t\t\t\t<img decoding=\"async\" src=\"https:\/\/pleiade.archi\/wp-content\/uploads\/elementor\/thumbs\/ICO_CO3-qzur61xw4gbaoicqugvt8qzwrgdt7npcna9k0ofvfs.png\" title=\"ICO_CO3\" alt=\"ICO_CO3\" loading=\"lazy\" \/>\t\t\t\t\t\t\t\t\t\t\t\t\t\t\t<\/div>\n\t\t\t\t<\/div>\n\t\t\t\t\t<\/div>\n\t\t<\/div>\n\t\t\t\t\t<\/div>\n\t\t<\/section>\n\t\t\t\t<section class=\"elementor-section elementor-top-section elementor-element elementor-element-5cc0b86 elementor-section-height-min-height elementor-section-stretched elementor-section-boxed elementor-section-height-default elementor-section-items-middle\" data-id=\"5cc0b86\" data-element_type=\"section\" data-settings=\"{&quot;stretch_section&quot;:&quot;section-stretched&quot;}\">\n\t\t\t\t\t\t<div class=\"elementor-container elementor-column-gap-default\">\n\t\t\t\t\t<div class=\"elementor-column elementor-col-100 elementor-top-column elementor-element elementor-element-3ef90c5\" data-id=\"3ef90c5\" data-element_type=\"column\">\n\t\t\t<div class=\"elementor-widget-wrap elementor-element-populated\">\n\t\t\t\t\t\t<div class=\"elementor-element elementor-element-70b0109 elementor-widget elementor-widget-heading\" data-id=\"70b0109\" data-element_type=\"widget\" data-widget_type=\"heading.default\">\n\t\t\t\t<div class=\"elementor-widget-container\">\n\t\t\t\t\t<h2 class=\"elementor-heading-title elementor-size-default\">Agence<\/h2>\t\t\t\t<\/div>\n\t\t\t\t<\/div>\n\t\t\t\t<div class=\"elementor-element elementor-element-db23a7a elementor-widget elementor-widget-text-editor\" data-id=\"db23a7a\" data-element_type=\"widget\" data-widget_type=\"text-editor.default\">\n\t\t\t\t<div class=\"elementor-widget-container\">\n\t\t\t\t\t\t\t\t\t<p><strong>Pl\u00e9iade Architecture<\/strong> est une agence d\u2019architecture fond\u00e9e en 2017 \u00e0 Oullins par Julien RAUER.<\/p><p>L\u2019agence intervient sur tout type de ma\u00eetrises d\u2019\u0153uvre, tant sur des projets neufs qu\u2019en r\u00e9novations, sur des commandes aussi bien publiques que priv\u00e9es : logements collectifs et individuels, bureaux, \u00e9quipements publics, industries, urbanisme&#8230;<\/p><p>A l\u2019oppos\u00e9 de la notion de sp\u00e9cialisation, cette diversit\u00e9 exprime le souci de tisser entre les projets des liens et des correspondances : approches constructives, pr\u00e9cision et justesse des d\u00e9tails, usage des mat\u00e9riaux, attention aux lieux, d\u00e9veloppement durable\u2026\u00a0Autant d\u2019objectifs qui visent la coh\u00e9rence d\u2019une d\u00e9marche plut\u00f4t qu\u2019une uniformit\u00e9 stylistique.<\/p><p>Les r\u00e9flexions de l\u2019agence sont ancr\u00e9es dans le contexte actuel, sans dogmatisme et en perp\u00e9tuel questionnement. <br \/>Chaque projet est l\u2019occasion d\u2019une nouvelle proposition spatiale, enrichi des exp\u00e9riences pr\u00e9c\u00e9dentes. <br \/>Une mise en action collective assure une expertise, et ne limite pas la conception aux murs de l\u2019agence : <strong>Pl\u00e9iade Architecture<\/strong> place au centre des projets des valeurs de confiance, d\u2019\u00e9change et de partage.<\/p><p>Anim\u00e9e par un travail collectif, l\u2019agence s\u2019associe au gr\u00e9 des projets avec d\u2019autres architectes, urbanistes, paysagistes, ing\u00e9nieurs\u2026<\/p>\t\t\t\t\t\t\t\t<\/div>\n\t\t\t\t<\/div>\n\t\t\t\t\t<\/div>\n\t\t<\/div>\n\t\t\t\t\t<\/div>\n\t\t<\/section>\n\t\t\t\t<section class=\"elementor-section elementor-top-section elementor-element elementor-element-c451b53 elementor-section-height-min-height elementor-section-stretched elementor-section-content-middle elementor-section-boxed elementor-section-height-default elementor-section-items-middle\" data-id=\"c451b53\" data-element_type=\"section\" data-settings=\"{&quot;stretch_section&quot;:&quot;section-stretched&quot;}\">\n\t\t\t\t\t\t<div class=\"elementor-container elementor-column-gap-default\">\n\t\t\t\t\t<div class=\"elementor-column elementor-col-50 elementor-top-column elementor-element elementor-element-c9e371b\" data-id=\"c9e371b\" data-element_type=\"column\">\n\t\t\t<div class=\"elementor-widget-wrap elementor-element-populated\">\n\t\t\t\t\t\t<div class=\"elementor-element elementor-element-232c931 elementor-widget__width-auto elementor-widget elementor-widget-image\" data-id=\"232c931\" data-element_type=\"widget\" data-widget_type=\"image.default\">\n\t\t\t\t<div class=\"elementor-widget-container\">\n\t\t\t\t\t\t\t\t\t\t\t\t\t\t\t<img decoding=\"async\" width=\"400\" height=\"400\" src=\"https:\/\/pleiade.archi\/wp-content\/uploads\/2025\/08\/CHANTIER-2.jpg\" class=\"attachment-full size-full wp-image-2228\" alt=\"\" srcset=\"https:\/\/pleiade.archi\/wp-content\/uploads\/2025\/08\/CHANTIER-2.jpg 400w, https:\/\/pleiade.archi\/wp-content\/uploads\/2025\/08\/CHANTIER-2-300x300.jpg 300w, https:\/\/pleiade.archi\/wp-content\/uploads\/2025\/08\/CHANTIER-2-150x150.jpg 150w\" sizes=\"(max-width: 400px) 100vw, 400px\" \/>\t\t\t\t\t\t\t\t\t\t\t\t\t\t\t<\/div>\n\t\t\t\t<\/div>\n\t\t\t\t\t<\/div>\n\t\t<\/div>\n\t\t\t\t<div class=\"elementor-column elementor-col-50 elementor-top-column elementor-element elementor-element-262f4c8\" data-id=\"262f4c8\" data-element_type=\"column\">\n\t\t\t<div class=\"elementor-widget-wrap elementor-element-populated\">\n\t\t\t\t\t\t<div class=\"elementor-element elementor-element-5539188 elementor-widget elementor-widget-heading\" data-id=\"5539188\" data-element_type=\"widget\" data-widget_type=\"heading.default\">\n\t\t\t\t<div class=\"elementor-widget-container\">\n\t\t\t\t\t<h2 class=\"elementor-heading-title elementor-size-default\">\u00c9quipe<\/h2>\t\t\t\t<\/div>\n\t\t\t\t<\/div>\n\t\t\t\t<div class=\"elementor-element elementor-element-b631368 elementor-widget elementor-widget-text-editor\" data-id=\"b631368\" data-element_type=\"widget\" data-widget_type=\"text-editor.default\">\n\t\t\t\t<div class=\"elementor-widget-container\">\n\t\t\t\t\t\t\t\t\t<p><strong>Dirigeants :<\/strong> <br>Marine SIMON, architecte HMONP<br>Julien RAUER, architecte INSA<\/p>\n<p><strong>Collaborateurs travaillant ou ayant travaill\u00e9 au sein de l\u2019agence :<\/strong> <br>Cassandre ALTIERI, Auguste BERRY, Quentin BONAVENT, Jihane BOUFOUS, Ondine BR\u00c8S, Th\u00e9o BURIDANT, Armelle BUNOS, Asami CATOIRE TOMITA, Charlotte CLERC, Lisa DION, L\u00e9a EST\u00c9PHAN, Camille HAFFNER, Ana\u00efs KREBS, Laurent MAZEAU, Juan MEDINA, Roxane MIOSSEC, Laur\u00e8ne MOILLET, Lucile MONTERO, Raquel PLECHE, Oriana REYMOND, Loann RIU<\/p>\t\t\t\t\t\t\t\t<\/div>\n\t\t\t\t<\/div>\n\t\t\t\t<div class=\"elementor-element elementor-element-d73b8a6 elementor-mobile-align-left elementor-widget elementor-widget-button\" data-id=\"d73b8a6\" data-element_type=\"widget\" data-widget_type=\"button.default\">\n\t\t\t\t<div class=\"elementor-widget-container\">\n\t\t\t\t\t\t\t\t\t<div class=\"elementor-button-wrapper\">\n\t\t\t\t\t<a class=\"elementor-button elementor-button-link elementor-size-sm\" href=\"mailto:%20contact@pleiade.archi\">\n\t\t\t\t\t\t<span class=\"elementor-button-content-wrapper\">\n\t\t\t\t\t\t\t\t\t<span class=\"elementor-button-text\">Rejoignez-nous<\/span>\n\t\t\t\t\t<\/span>\n\t\t\t\t\t<\/a>\n\t\t\t\t<\/div>\n\t\t\t\t\t\t\t\t<\/div>\n\t\t\t\t<\/div>\n\t\t\t\t\t<\/div>\n\t\t<\/div>\n\t\t\t\t\t<\/div>\n\t\t<\/section>\n\t\t\t\t<\/div>\n\t\t","protected":false},"excerpt":{"rendered":"<p>Contact 29 rue Smith 69002 LYON 09 73 88 91 59 contact@pleiade.archi pleiade-architecture Agence Pl\u00e9iade Architecture est une agence d\u2019architecture fond\u00e9e en 2017 \u00e0 Oullins par Julien RAUER. L\u2019agence intervient sur tout type de ma\u00eetrises d\u2019\u0153uvre, tant sur des projets neufs qu\u2019en r\u00e9novations, sur des commandes aussi bien publiques que priv\u00e9es : logements collectifs et [&hellip;]<\/p>\n","protected":false},"author":1,"featured_media":0,"parent":0,"menu_order":0,"comment_status":"closed","ping_status":"closed","template":"","meta":{"inline_featured_image":false,"footnotes":""},"class_list":["post-565","page","type-page","status-publish","hentry","entry"],"jetpack_sharing_enabled":true,"_links":{"self":[{"href":"https:\/\/pleiade.archi\/index.php\/wp-json\/wp\/v2\/pages\/565","targetHints":{"allow":["GET"]}}],"collection":[{"href":"https:\/\/pleiade.archi\/index.php\/wp-json\/wp\/v2\/pages"}],"about":[{"href":"https:\/\/pleiade.archi\/index.php\/wp-json\/wp\/v2\/types\/page"}],"author":[{"embeddable":true,"href":"https:\/\/pleiade.archi\/index.php\/wp-json\/wp\/v2\/users\/1"}],"replies":[{"embeddable":true,"href":"https:\/\/pleiade.archi\/index.php\/wp-json\/wp\/v2\/comments?post=565"}],"version-history":[{"count":230,"href":"https:\/\/pleiade.archi\/index.php\/wp-json\/wp\/v2\/pages\/565\/revisions"}],"predecessor-version":[{"id":2231,"href":"https:\/\/pleiade.archi\/index.php\/wp-json\/wp\/v2\/pages\/565\/revisions\/2231"}],"wp:attachment":[{"href":"https:\/\/pleiade.archi\/index.php\/wp-json\/wp\/v2\/media?parent=565"}],"curies":[{"name":"wp","href":"https:\/\/api.w.org\/{rel}","templated":true}]}}